{"id":1949,"date":"2022-04-21T09:15:14","date_gmt":"2022-04-21T07:15:14","guid":{"rendered":"https:\/\/zoska.waw.pl\/?page_id=1949"},"modified":"2022-04-21T09:15:14","modified_gmt":"2022-04-21T07:15:14","slug":"eksperyment-pedagogiczny","status":"publish","type":"page","link":"https:\/\/zoska.waw.pl\/?page_id=1949","title":{"rendered":"Eksperyment pedagogiczny"},"content":{"rendered":"\n<p>W roku szkolnym 2019\/2020 oraz 2020\/2021 nasze liceum uzyska\u0142o zgod\u0119 Ministra Edukacji i Nauki na prowadzenie eksperymentu pedagogicznego Edukacja artystyczna, w ramach kt\u00f3rego prowadzone s\u0105 zaj\u0119cia atystyczne: techniki aktorskie, teatr musicalowy oraz realizacja filmu.<br>Sztuka odgrywa wa\u017cn\u0105 rol\u0119 w \u017cyciu ka\u017cdego cz\u0142owieka. Mo\u017ce dopom\u00f3c w zrozumieniu rzeczywisto\u015bci oraz budowaniu do niej pozytywnego stosunku: rozbudzi\u0107 my\u015blenie i emocje, ukazywa\u0107 obszary pi\u0119kna, zach\u0119ci\u0107 do postawy tw\u00f3rczej, wskaza\u0107 na potrzeb\u0119 kontaktu<br>z lud\u017ami i uczy\u0107 warto\u015bciowania. Teatr, film i muzyka &#8211; jedne z podstawowych dziedzin sztuki &#8211; w \u017cyciu m\u0142odzie\u017cy jest tym medium, kt\u00f3re wspomaga wszechstronny rozw\u00f3j. Daje mo\u017cliwo\u015b\u0107 kszta\u0142towania w\u0142asnego bytu w takim stopniu, na jaki nie pozwala \u017cycie realne. Szeroko uaktywnia wyobra\u017ani\u0119 ucznia, kt\u00f3ry poprzez formy teatralne, taneczne mo\u017ce rozwija\u0107 swoje zainteresowania. M\u0142odzi aktorzy wytrwale pracuj\u0105 nad sob\u0105 prze\u0142amuj\u0105c nie\u015bmia\u0142o\u015b\u0107 i walcz\u0105c z trem\u0105 podczas publicznych wyst\u0105pie\u0144, dzi\u0119ki czemu z wi\u0119ksz\u0105 \u0142atwo\u015bci\u0105 przyst\u0119puj\u0105 do egzamin\u00f3w przed komisj\u0105 maturaln\u0105. Ucz\u0105 si\u0119 oswaja\u0107 l\u0119k przed prezentacj\u0105 w\u0142asnej osoby przed grup\u0105 ekspert\u00f3w. W p\u00f3\u017aniejszym \u017cyciu s\u0105 lepiej przygotowani do egzamin\u00f3w studenckich czy rozm\u00f3w o prac\u0119. Staj\u0105 si\u0119 lud\u017ami, kt\u00f3rzy sami potrafi\u0105 dostrzega\u0107 swoje mocne strony, eksponowa\u0107 je i osi\u0105ga\u0107 sukces, przez co staj\u0105 si\u0119 po\u017c\u0105dani na rynku pracy. Udzia\u0142 w zaj\u0119ciach teatralnych, tanecznych oraz filmowych pozwala pozna\u0107 siebie, pomaga doskonali\u0107 umiej\u0119tno\u015b\u0107 wywo\u0142ywania emocji i radzenia sobie z nimi, a wreszcie rozwija wiar\u0119 w umiej\u0119tno\u015bci ucznia.<\/p>\n\n\n\n<p>W ca\u0142ym cyklu kszta\u0142cenia uczniowie uczestnicz\u0105 w zaj\u0119ciach &nbsp;teoretyczno-praktycznych z zakresu teatru, ta\u0144ca i filmu. Takie ustawienie programu pozwoli im zapozna\u0107 si\u0119 z pe\u0142n\u0105 ofert\u0105 programow\u0105. Wyb\u00f3r klasy z okre\u015blonymi warsztatami pozwoli m\u0142odzie\u017cy skoncentrowa\u0107 si\u0119 na pracy w najwa\u017cniejszym dla nich kierunku, a mo\u017cliwo\u015b\u0107 wyboru dodatkowego warsztatu poszerzy mo\u017cliwo\u015b\u0107 rozwijania zainteresowa\u0144 i talent\u00f3w.<\/p>\n","protected":false},"excerpt":{"rendered":"<p>W roku szkolnym 2019\/2020 oraz 2020\/2021 nasze liceum uzyska\u0142o zgod\u0119 Ministra Edukacji i Nauki na prowadzenie eksperymentu pedagogicznego Edukacja artystyczna, w ramach kt\u00f3rego prowadzone s\u0105 zaj\u0119cia atystyczne: techniki aktorskie, teatr musicalowy oraz realizacja filmu.Sztuka odgrywa wa\u017cn\u0105 rol\u0119 w \u017cyciu ka\u017cdego cz\u0142owieka. Mo\u017ce dopom\u00f3c w zrozumieniu rzeczywisto\u015bci oraz budowaniu do niej pozytywnego stosunku: rozbudzi\u0107 my\u015blenie i [&hellip;]<\/p>\n","protected":false},"author":5,"featured_media":0,"parent":0,"menu_order":0,"comment_status":"closed","ping_status":"closed","template":"","meta":{"footnotes":""},"class_list":["post-1949","page","type-page","status-publish","hentry"],"_links":{"self":[{"href":"https:\/\/zoska.waw.pl\/index.php?rest_route=\/wp\/v2\/pages\/1949","targetHints":{"allow":["GET"]}}],"collection":[{"href":"https:\/\/zoska.waw.pl\/index.php?rest_route=\/wp\/v2\/pages"}],"about":[{"href":"https:\/\/zoska.waw.pl\/index.php?rest_route=\/wp\/v2\/types\/page"}],"author":[{"embeddable":true,"href":"https:\/\/zoska.waw.pl\/index.php?rest_route=\/wp\/v2\/users\/5"}],"replies":[{"embeddable":true,"href":"https:\/\/zoska.waw.pl\/index.php?rest_route=%2Fwp%2Fv2%2Fcomments&post=1949"}],"version-history":[{"count":1,"href":"https:\/\/zoska.waw.pl\/index.php?rest_route=\/wp\/v2\/pages\/1949\/revisions"}],"predecessor-version":[{"id":1950,"href":"https:\/\/zoska.waw.pl\/index.php?rest_route=\/wp\/v2\/pages\/1949\/revisions\/1950"}],"wp:attachment":[{"href":"https:\/\/zoska.waw.pl\/index.php?rest_route=%2Fwp%2Fv2%2Fmedia&parent=1949"}],"curies":[{"name":"wp","href":"https:\/\/api.w.org\/{rel}","templated":true}]}}