{"id":1861,"date":"2025-04-09T10:18:23","date_gmt":"2025-04-09T08:18:23","guid":{"rendered":"https:\/\/zoska.waw.pl\/?page_id=1861"},"modified":"2025-04-09T10:18:57","modified_gmt":"2025-04-09T08:18:57","slug":"dlaczego-warto-wybrac-nasza-szkole","status":"publish","type":"page","link":"https:\/\/zoska.waw.pl\/?page_id=1861","title":{"rendered":"Dlaczego warto wybra\u0107 nasz\u0105 szko\u0142\u0119?"},"content":{"rendered":"\n<figure class=\"wp-block-embed is-type-video is-provider-youtube wp-block-embed-youtube wp-embed-aspect-16-9 wp-has-aspect-ratio\"><div class=\"wp-block-embed__wrapper\">\n<iframe loading=\"lazy\" title=\"Dlaczego Zo\u015bka?\" width=\"940\" height=\"529\" src=\"https:\/\/www.youtube.com\/embed\/4d2fToDDrSs?feature=oembed\" frameborder=\"0\" allow=\"accelerometer; autoplay; clipboard-write; encrypted-media; gyroscope; picture-in-picture; web-share\" referrerpolicy=\"strict-origin-when-cross-origin\" allowfullscreen><\/iframe>\n<\/div><\/figure>\n\n\n\n<figure class=\"wp-block-embed is-type-video is-provider-youtube wp-block-embed-youtube wp-embed-aspect-16-9 wp-has-aspect-ratio\"><div class=\"wp-block-embed__wrapper\">\n<iframe loading=\"lazy\" title=\"Dlaczego Zo\u015bka?\" width=\"940\" height=\"529\" src=\"https:\/\/www.youtube.com\/embed\/GFSY-7k-KAE?feature=oembed\" frameborder=\"0\" allow=\"accelerometer; autoplay; clipboard-write; encrypted-media; gyroscope; picture-in-picture; web-share\" referrerpolicy=\"strict-origin-when-cross-origin\" allowfullscreen><\/iframe>\n<\/div><\/figure>\n\n\n\n<figure class=\"wp-block-embed is-type-video is-provider-youtube wp-block-embed-youtube wp-embed-aspect-16-9 wp-has-aspect-ratio\"><div class=\"wp-block-embed__wrapper\">\n<iframe loading=\"lazy\" title=\"Dlaczego Zo\u015bka?\" width=\"940\" height=\"529\" src=\"https:\/\/www.youtube.com\/embed\/jyYSQCbY64U?feature=oembed\" frameborder=\"0\" allow=\"accelerometer; autoplay; clipboard-write; encrypted-media; gyroscope; picture-in-picture; web-share\" referrerpolicy=\"strict-origin-when-cross-origin\" allowfullscreen><\/iframe>\n<\/div><\/figure>\n\n\n\n<figure class=\"wp-block-embed is-type-video is-provider-youtube wp-block-embed-youtube wp-embed-aspect-16-9 wp-has-aspect-ratio\"><div class=\"wp-block-embed__wrapper\">\n<iframe loading=\"lazy\" title=\"Film Promocyjny 2021\" width=\"940\" height=\"529\" src=\"https:\/\/www.youtube.com\/embed\/FwfPBziJk8c?feature=oembed\" frameborder=\"0\" allow=\"accelerometer; autoplay; clipboard-write; encrypted-media; gyroscope; picture-in-picture; web-share\" referrerpolicy=\"strict-origin-when-cross-origin\" allowfullscreen><\/iframe>\n<\/div><\/figure>\n\n\n\n<figure class=\"wp-block-image size-large\"><a href=\"https:\/\/prezi.com\/view\/KecTD0rCmRkkNIobRjkh\/\" target=\"_blank\" rel=\" noreferrer noopener\"><img loading=\"lazy\" decoding=\"async\" width=\"1024\" height=\"524\" src=\"https:\/\/zoska.waw.pl\/wp-content\/uploads\/2025\/04\/prezi-1024x524.png\" alt=\"\" class=\"wp-image-5163\" srcset=\"https:\/\/zoska.waw.pl\/wp-content\/uploads\/2025\/04\/prezi-1024x524.png 1024w, https:\/\/zoska.waw.pl\/wp-content\/uploads\/2025\/04\/prezi-300x154.png 300w, https:\/\/zoska.waw.pl\/wp-content\/uploads\/2025\/04\/prezi-768x393.png 768w, https:\/\/zoska.waw.pl\/wp-content\/uploads\/2025\/04\/prezi.png 1456w\" sizes=\"auto, (max-width: 1024px) 100vw, 1024px\" \/><\/a><\/figure>\n\n\n\n<h2 class=\"wp-block-heading has-text-align-center has-vivid-cyan-blue-color has-text-color\"><strong>PAMI\u0118TAJCIE &#8211; znajdziecie Nas na Facebooku<\/strong><\/h2>\n\n\n\n<p class=\"has-medium-font-size\"><a href=\"https:\/\/www.facebook.com\/zoskalo86\">https:\/\/www.facebook.com\/<\/a><a href=\"https:\/\/www.facebook.com\/zoskalo86\" target=\"_blank\" rel=\"noreferrer noopener\">zoskalo86<\/a><\/p>\n\n\n\n<h2 class=\"wp-block-heading has-text-align-center has-vivid-cyan-blue-color has-text-color\"><strong>oraz na Instagramie<\/strong><\/h2>\n\n\n\n<p class=\"has-medium-font-size\"><a href=\"https:\/\/www.instagram.com\/zoska_lo\/\">https:\/\/www.instagram.com\/zoska_lo\/<\/a><\/p>\n\n\n\n<p class=\"has-pale-cyan-blue-background-color has-background has-medium-font-size\"><strong>Film o szkole 2019<\/strong><\/p>\n\n\n\n<figure class=\"wp-block-embed is-type-video is-provider-youtube wp-block-embed-youtube wp-embed-aspect-16-9 wp-has-aspect-ratio\"><div class=\"wp-block-embed__wrapper\">\n<iframe loading=\"lazy\" title=\"Film LO zoska\" width=\"940\" height=\"529\" src=\"https:\/\/www.youtube.com\/embed\/lwu5igw1TQA?start=4&#038;feature=oembed\" frameborder=\"0\" allow=\"accelerometer; autoplay; clipboard-write; encrypted-media; gyroscope; picture-in-picture; web-share\" referrerpolicy=\"strict-origin-when-cross-origin\" allowfullscreen><\/iframe>\n<\/div><\/figure>\n\n\n\n<p><strong>Klip studni\u00f3wkowy 2018<\/strong><\/p>\n\n\n\n<figure class=\"wp-block-embed is-type-video is-provider-youtube wp-block-embed-youtube wp-embed-aspect-16-9 wp-has-aspect-ratio\"><div class=\"wp-block-embed__wrapper\">\n<iframe loading=\"lazy\" title=\"STUDNI\u00d3WKA 2018 ZOSKA - klip\" width=\"940\" height=\"529\" src=\"https:\/\/www.youtube.com\/embed\/TEcl2V4jMXI?feature=oembed\" frameborder=\"0\" allow=\"accelerometer; autoplay; clipboard-write; encrypted-media; gyroscope; picture-in-picture; web-share\" referrerpolicy=\"strict-origin-when-cross-origin\" allowfullscreen><\/iframe>\n<\/div><\/figure>\n\n\n\n<p><\/p>\n","protected":false},"excerpt":{"rendered":"<p>PAMI\u0118TAJCIE &#8211; znajdziecie Nas na Facebooku https:\/\/www.facebook.com\/zoskalo86 oraz na Instagramie https:\/\/www.instagram.com\/zoska_lo\/ Film o szkole 2019 Klip studni\u00f3wkowy 2018<\/p>\n","protected":false},"author":5,"featured_media":0,"parent":0,"menu_order":0,"comment_status":"closed","ping_status":"closed","template":"","meta":{"footnotes":""},"class_list":["post-1861","page","type-page","status-publish","hentry"],"_links":{"self":[{"href":"https:\/\/zoska.waw.pl\/index.php?rest_route=\/wp\/v2\/pages\/1861","targetHints":{"allow":["GET"]}}],"collection":[{"href":"https:\/\/zoska.waw.pl\/index.php?rest_route=\/wp\/v2\/pages"}],"about":[{"href":"https:\/\/zoska.waw.pl\/index.php?rest_route=\/wp\/v2\/types\/page"}],"author":[{"embeddable":true,"href":"https:\/\/zoska.waw.pl\/index.php?rest_route=\/wp\/v2\/users\/5"}],"replies":[{"embeddable":true,"href":"https:\/\/zoska.waw.pl\/index.php?rest_route=%2Fwp%2Fv2%2Fcomments&post=1861"}],"version-history":[{"count":17,"href":"https:\/\/zoska.waw.pl\/index.php?rest_route=\/wp\/v2\/pages\/1861\/revisions"}],"predecessor-version":[{"id":5166,"href":"https:\/\/zoska.waw.pl\/index.php?rest_route=\/wp\/v2\/pages\/1861\/revisions\/5166"}],"wp:attachment":[{"href":"https:\/\/zoska.waw.pl\/index.php?rest_route=%2Fwp%2Fv2%2Fmedia&parent=1861"}],"curies":[{"name":"wp","href":"https:\/\/api.w.org\/{rel}","templated":true}]}}